{"id":127,"date":"2024-05-10T20:24:22","date_gmt":"2024-05-10T17:24:22","guid":{"rendered":"https:\/\/erkekkumas.com\/?post_type=product&#038;p=127"},"modified":"2024-05-10T20:24:47","modified_gmt":"2024-05-10T17:24:47","slug":"optimax-royal-jacket","status":"publish","type":"product","link":"https:\/\/erkekkumas.com\/index.php\/product\/optimax-royal-jacket\/","title":{"rendered":"Optimax Royal Jacket"},"content":{"rendered":"<ul>\n<li>\n<h3>En: 150 cm.<\/h3>\n<\/li>\n<li>\n<h3>%70 Y\u00dcN, %30 POLYESTER.<\/h3>\n<\/li>\n<li>\n<h3>30 derecede hassas y\u0131kama.<\/h3>\n<\/li>\n<li>\n<h3>\u00a0Tersten \u00fct\u00fcleyiniz.<\/h3>\n<\/li>\n<li>\n<h3>Tersten y\u0131kay\u0131n\u0131z. G\u00f6lgede kurutunuz.<\/h3>\n<\/li>\n<li>\n<h3>Kuru temizleme yap\u0131labilir.<\/h3>\n<\/li>\n<li>\n<h3>Pantolon, Tak\u0131m elbise, Ceket, Yelek vb. yap\u0131m\u0131nda kullan\u0131lmaktad\u0131r.<\/h3>\n<\/li>\n<\/ul>\n","protected":false},"excerpt":{"rendered":"<p>En: 150 cm. %70 Y\u00dcN, %30 POLYESTER. 30 derecede hassas y\u0131kama. \u00a0Tersten \u00fct\u00fcleyiniz. Tersten y\u0131kay\u0131n\u0131z. G\u00f6lgede kurutunuz. Kuru temizleme yap\u0131labilir. Pantolon, Tak\u0131m elbise, Ceket, Yelek vb. yap\u0131m\u0131nda kullan\u0131lmaktad\u0131r.<\/p>\n","protected":false},"featured_media":85,"comment_status":"open","ping_status":"closed","template":"","meta":[],"product_cat":[15],"product_tag":[],"class_list":{"0":"post-127","1":"product","2":"type-product","3":"status-publish","4":"has-post-thumbnail","6":"product_cat-uncategorized","8":"first","9":"instock","10":"sale","11":"shipping-taxable","12":"purchasable","13":"product-type-simple"},"_links":{"self":[{"href":"https:\/\/erkekkumas.com\/index.php\/wp-json\/wp\/v2\/product\/127","targetHints":{"allow":["GET"]}}],"collection":[{"href":"https:\/\/erkekkumas.com\/index.php\/wp-json\/wp\/v2\/product"}],"about":[{"href":"https:\/\/erkekkumas.com\/index.php\/wp-json\/wp\/v2\/types\/product"}],"replies":[{"embeddable":true,"href":"https:\/\/erkekkumas.com\/index.php\/wp-json\/wp\/v2\/comments?post=127"}],"wp:featuredmedia":[{"embeddable":true,"href":"https:\/\/erkekkumas.com\/index.php\/wp-json\/wp\/v2\/media\/85"}],"wp:attachment":[{"href":"https:\/\/erkekkumas.com\/index.php\/wp-json\/wp\/v2\/media?parent=127"}],"wp:term":[{"taxonomy":"product_cat","embeddable":true,"href":"https:\/\/erkekkumas.com\/index.php\/wp-json\/wp\/v2\/product_cat?post=127"},{"taxonomy":"product_tag","embeddable":true,"href":"https:\/\/erkekkumas.com\/index.php\/wp-json\/wp\/v2\/product_tag?post=127"}],"curies":[{"name":"wp","href":"https:\/\/api.w.org\/{rel}","templated":true}]}}