{"id":132,"date":"2024-05-10T20:31:09","date_gmt":"2024-05-10T17:31:09","guid":{"rendered":"https:\/\/erkekkumas.com\/?post_type=product&#038;p=132"},"modified":"2024-05-10T20:31:09","modified_gmt":"2024-05-10T17:31:09","slug":"optimax-royal-striped-antrasit-color","status":"publish","type":"product","link":"https:\/\/erkekkumas.com\/index.php\/product\/optimax-royal-striped-antrasit-color\/","title":{"rendered":"Optimax Royal Striped Antrasit color"},"content":{"rendered":"<ul>\n<li>\n<h3>En: 150 cm.<\/h3>\n<\/li>\n<li>\n<h3>%70 Y\u00dcN, %30 POLYESTER.<\/h3>\n<\/li>\n<li>\n<h3>30 derecede hassas y\u0131kama.<\/h3>\n<\/li>\n<li>\n<h3>\u00a0Tersten \u00fct\u00fcleyiniz.<\/h3>\n<\/li>\n<li>\n<h3>Tersten y\u0131kay\u0131n\u0131z. G\u00f6lgede kurutunuz.<\/h3>\n<\/li>\n<li>\n<h3>Kuru temizleme yap\u0131labilir.<\/h3>\n<\/li>\n<li>\n<h3>Pantolon, Tak\u0131m elbise, Ceket, Yelek vb. yap\u0131m\u0131nda kullan\u0131lmaktad\u0131r.<\/h3>\n<\/li>\n<\/ul>\n","protected":false},"excerpt":{"rendered":"<p>En: 150 cm. %70 Y\u00dcN, %30 POLYESTER. 30 derecede hassas y\u0131kama. \u00a0Tersten \u00fct\u00fcleyiniz. Tersten y\u0131kay\u0131n\u0131z. G\u00f6lgede kurutunuz. Kuru temizleme yap\u0131labilir. Pantolon, Tak\u0131m elbise, Ceket, Yelek vb. yap\u0131m\u0131nda kullan\u0131lmaktad\u0131r.<\/p>\n","protected":false},"featured_media":81,"comment_status":"open","ping_status":"closed","template":"","meta":[],"product_cat":[15],"product_tag":[],"class_list":{"0":"post-132","1":"product","2":"type-product","3":"status-publish","4":"has-post-thumbnail","6":"product_cat-uncategorized","8":"first","9":"instock","10":"sale","11":"shipping-taxable","12":"purchasable","13":"product-type-simple"},"_links":{"self":[{"href":"https:\/\/erkekkumas.com\/index.php\/wp-json\/wp\/v2\/product\/132","targetHints":{"allow":["GET"]}}],"collection":[{"href":"https:\/\/erkekkumas.com\/index.php\/wp-json\/wp\/v2\/product"}],"about":[{"href":"https:\/\/erkekkumas.com\/index.php\/wp-json\/wp\/v2\/types\/product"}],"replies":[{"embeddable":true,"href":"https:\/\/erkekkumas.com\/index.php\/wp-json\/wp\/v2\/comments?post=132"}],"wp:featuredmedia":[{"embeddable":true,"href":"https:\/\/erkekkumas.com\/index.php\/wp-json\/wp\/v2\/media\/81"}],"wp:attachment":[{"href":"https:\/\/erkekkumas.com\/index.php\/wp-json\/wp\/v2\/media?parent=132"}],"wp:term":[{"taxonomy":"product_cat","embeddable":true,"href":"https:\/\/erkekkumas.com\/index.php\/wp-json\/wp\/v2\/product_cat?post=132"},{"taxonomy":"product_tag","embeddable":true,"href":"https:\/\/erkekkumas.com\/index.php\/wp-json\/wp\/v2\/product_tag?post=132"}],"curies":[{"name":"wp","href":"https:\/\/api.w.org\/{rel}","templated":true}]}}